{"id":2300,"date":"2022-08-16T06:00:31","date_gmt":"2022-08-16T09:00:31","guid":{"rendered":"https:\/\/goolivery.com\/es\/?post_type=product&#038;p=2300"},"modified":"2024-11-12T13:33:01","modified_gmt":"2024-11-12T16:33:01","slug":"setup-design-personalizado","status":"publish","type":"product","link":"https:\/\/goolivery.com\/es\/produto\/setup-design-personalizado\/","title":{"rendered":"Setup e Design Personalizado"},"content":{"rendered":"<section  class='av_textblock_section av-l6xpiruz-652dab8fc3e47e34855f789733040a0e'  itemscope=\"itemscope\" itemtype=\"https:\/\/schema.org\/CreativeWork\" ><div class='avia_textblock'  itemprop=\"text\" ><p>O servi\u00e7o de Setup e Personaliza\u00e7\u00e3o de Design permite que o cliente Goolivery desfrute do melhor da solu\u00e7\u00e3o. Entenda o que ser\u00e1 feito:<\/p>\n<ul>\n<li><strong>Configura\u00e7\u00e3o completa da loja:<\/strong> Hor\u00e1rio de Funcionamento, Cadastro de Produtos, \u00c1rea e Pre\u00e7os de Entrega, Contatos da Empresa, Formas de Pagamento, Meios de Pagamento entre outras tantas possibilidades.<\/li>\n<li><strong>Personaliza\u00e7\u00e3o do Design do Goolivery SHOPS:<\/strong> O Goolivery permite a customiza\u00e7\u00e3o de diversos espa\u00e7os do visual da loja de delivery, tais como: Banners na Capa, Destaques de Categorias, Cores e Imagens de Fundos e T\u00edtulos. Aproveite o m\u00e1ximo da nossa plataforma.<\/li>\n<li><strong>Personaliza\u00e7\u00e3o de Design do FidelizaGOO:<\/strong> O Goolivery n\u00e3o \u00e9 apenas um cat\u00e1logo, ele al\u00e9m da sua loja de delivery possui uma Loja de Fidelidade COMPLETA, onde voc\u00ea cadastra itens (produtos ou servi\u00e7os) que poder\u00e3o ser comprados com pontos &#8211; e a Loja de Pr\u00eamios tamb\u00e9m pode ter o design personalizado.<\/li>\n<\/ul>\n<\/div><\/section>\n","protected":false},"excerpt":{"rendered":"<p>O servi\u00e7o de Setup e Personaliza\u00e7\u00e3o de Design permite que o cliente Goolivery desfrute do melhor da solu\u00e7\u00e3o. Entenda o que ser\u00e1 feito:<\/p>\n<ul>\n<li><strong>Configura\u00e7\u00e3o completa da loja:<\/strong> Hor\u00e1rio de Funcionamento, Cadastro de Produtos, \u00c1rea e Pre\u00e7os de Entrega, Contatos da Empresa, Formas de Pagamento, Meios de Pagamento entre outras tantas possibilidades.<\/li>\n<li><strong>Personaliza\u00e7\u00e3o do Design do Goolivery SHOPS:<\/strong> O Goolivery permite a customiza\u00e7\u00e3o de diversos espa\u00e7os do visual da loja de delivery, tais como: Banners na Capa, Destaques de Categorias, Cores e Imagens de Fundos e T\u00edtulos. Aproveite o m\u00e1ximo da nossa plataforma.<\/li>\n<li><strong>Personaliza\u00e7\u00e3o de Design do FidelizaGOO:<\/strong> O Goolivery n\u00e3o \u00e9 apenas um cat\u00e1logo, ele al\u00e9m da sua loja de delivery possui uma Loja de Fidelidade COMPLETA, onde voc\u00ea cadastra itens (produtos ou servi\u00e7os) que poder\u00e3o ser comprados com pontos &#8211; e a Loja de Pr\u00eamios tamb\u00e9m pode ter o design personalizado.<\/li>\n<\/ul>\n","protected":false},"featured_media":3264,"template":"","meta":[],"product_cat":[105],"product_tag":[],"_links":{"self":[{"href":"https:\/\/goolivery.com\/es\/wp-json\/wp\/v2\/product\/2300"}],"collection":[{"href":"https:\/\/goolivery.com\/es\/wp-json\/wp\/v2\/product"}],"about":[{"href":"https:\/\/goolivery.com\/es\/wp-json\/wp\/v2\/types\/product"}],"version-history":[{"count":9,"href":"https:\/\/goolivery.com\/es\/wp-json\/wp\/v2\/product\/2300\/revisions"}],"predecessor-version":[{"id":3958,"href":"https:\/\/goolivery.com\/es\/wp-json\/wp\/v2\/product\/2300\/revisions\/3958"}],"wp:featuredmedia":[{"embeddable":true,"href":"https:\/\/goolivery.com\/es\/wp-json\/wp\/v2\/media\/3264"}],"wp:attachment":[{"href":"https:\/\/goolivery.com\/es\/wp-json\/wp\/v2\/media?parent=2300"}],"wp:term":[{"taxonomy":"product_cat","embeddable":true,"href":"https:\/\/goolivery.com\/es\/wp-json\/wp\/v2\/product_cat?post=2300"},{"taxonomy":"product_tag","embeddable":true,"href":"https:\/\/goolivery.com\/es\/wp-json\/wp\/v2\/product_tag?post=2300"}],"curies":[{"name":"wp","href":"https:\/\/api.w.org\/{rel}","templated":true}]}}