{"id":3217,"date":"2022-08-18T06:00:59","date_gmt":"2022-08-18T09:00:59","guid":{"rendered":"https:\/\/goolivery.com\/es\/?post_type=product&#038;p=3217"},"modified":"2024-11-12T13:33:26","modified_gmt":"2024-11-12T16:33:26","slug":"plan-sin-mensualidad","status":"publish","type":"product","link":"https:\/\/goolivery.com\/es\/produto\/plan-sin-mensualidad\/","title":{"rendered":"Plan Sin Mensualidad"},"content":{"rendered":"<div class=\"elementor-element elementor-element-aedafc9 elementor-widget elementor-widget-text-editor\" data-id=\"aedafc9\" data-element_type=\"widget\" data-widget_type=\"text-editor.default\">\n<div class=\"elementor-widget-container\">\n<div class=\"elementor-text-editor elementor-clearfix\">\n<p><b>6,99% sobre o valor dos pedidos com pagamento online<br \/>\n<\/b><span class=\"elementor-icon-list-text\">Esta taxa ser\u00e1 cobrada somente nos pedidos que forem pagos online.<\/span><\/p>\n<p><b>RECEBIMENTO<br \/>\n<\/b>Ap\u00f3s o per\u00edodo de processamento o pagamento \u00e9 transferido automaticamente para sua conta banc\u00e1ria cadastrada.<\/p>\n<p><strong><span style=\"color: #000000;\">PIX<\/span> <\/strong>(recebe em 1 dia \u00fatil)<\/p>\n<p><strong><span style=\"color: #000000;\">Cart\u00e3o de Cr\u00e9dito\u00a0<\/span><\/strong>(recebe em 30 dias corridos)<\/p>\n<p>OBS.: Voc\u00ea pode solicitar ANTECIPA\u00c7\u00c3O e receber os valores pagos via Cart\u00e3o de Cr\u00e9dito de acordo com sua necessidade de prazo &#8211; <em>Consulte as condi\u00e7\u00f5es, fale com um de nossos especialistas.<\/em><\/p>\n<p><strong>FUNCIONALIDADES<\/strong><\/p>\n<\/div>\n<\/div>\n<\/div>\n<p><strong><span style=\"color: #000000;\">Gest\u00e3o de Card\u00e1pio\/Cat\u00e1logo<\/span><\/strong><\/p>\n<ul class=\"elementor-icon-list-items\">\n<li><span class=\"elementor-icon-list-text\">Atualiza\u00e7\u00e3o tem tempo real.<\/span><i class=\"fas fa-check\" aria-hidden=\"true\"><\/i><\/li>\n<li><span class=\"elementor-icon-list-text\">Gerir disponibilidade do produto.<\/span><i class=\"fas fa-check\" aria-hidden=\"true\"><\/i><\/li>\n<li><span class=\"elementor-icon-list-text\">Foto, nome e descri\u00e7\u00e3o do produto.<\/span><i class=\"fas fa-check\" aria-hidden=\"true\"><\/i><\/li>\n<li><span class=\"elementor-icon-list-text\">Categorias de produtos.<\/span><i class=\"fas fa-check\" aria-hidden=\"true\"><\/i><\/li>\n<li><span class=\"elementor-icon-list-text\">Varia\u00e7\u00f5es e complementos.<\/span><i class=\"fas fa-check\" aria-hidden=\"true\"><\/i><\/li>\n<li><span class=\"elementor-icon-list-text\">Divis\u00e3o de \u00edtens (ex.: pizzas 2+ sabores).<\/span><i class=\"fas fa-check\" aria-hidden=\"true\"><\/i><\/li>\n<li><span class=\"elementor-icon-list-text\">Cupom de desconto.<\/span><\/li>\n<\/ul>\n<p><strong><span style=\"color: #000000;\">Configura\u00e7\u00e3o de Entregas<\/span><\/strong><\/p>\n<ul>\n<li><span class=\"elementor-icon-list-text\">Valor da entrega por KM<\/span><i class=\"fas fa-check\" aria-hidden=\"true\"><\/i><\/li>\n<li><span class=\"elementor-icon-list-text\">Valor fixo at\u00e9 e acima de determinado km<\/span><i class=\"fas fa-check\" aria-hidden=\"true\"><\/i><\/li>\n<li><span class=\"elementor-icon-list-text\">Valor fixo + adicional por KM<\/span><i class=\"fas fa-check\" aria-hidden=\"true\"><\/i><\/li>\n<li><span class=\"elementor-icon-list-text\">Entrega GR\u00c1TIS at\u00e9 certa dist\u00e2ncia<\/span><i class=\"fas fa-check\" aria-hidden=\"true\"><\/i><\/li>\n<li><span class=\"elementor-icon-list-text\">Entrega GR\u00c1TIS acima de determinado valor<\/span><i class=\"fas fa-check\" aria-hidden=\"true\"><\/i><\/li>\n<li><span class=\"elementor-icon-list-text\">\u00c1rea de entrega por KM<\/span><i class=\"fas fa-check\" aria-hidden=\"true\"><\/i><\/li>\n<li><span class=\"elementor-icon-list-text\">Disponibilidade de \u00e1rea de entrega<\/span><\/li>\n<\/ul>\n<p><strong><span style=\"color: #000000;\">Administra\u00e7\u00e3o<\/span><\/strong><\/p>\n<ul>\n<li><span class=\"elementor-icon-list-text\">Programar hor\u00e1rio de funcionamento do site<\/span><i class=\"fas fa-check\" aria-hidden=\"true\"><\/i><\/li>\n<li><span class=\"elementor-icon-list-text\">Ligue e desligue a loja com um clique<\/span><i class=\"fas fa-check\" aria-hidden=\"true\"><\/i><\/li>\n<li><span class=\"elementor-icon-list-text\">Sistema de alerta de novos pedidos<\/span><i class=\"fas fa-check\" aria-hidden=\"true\"><\/i><\/li>\n<li><span class=\"elementor-icon-list-text\">Aviso de pedidos n\u00e3o visualizados.<\/span><i class=\"fas fa-check\" aria-hidden=\"true\"><\/i><\/li>\n<li><span class=\"elementor-icon-list-text\">Gest\u00e3o de usu\u00e1rios operadores<\/span><i class=\"fas fa-check\" aria-hidden=\"true\"><\/i><\/li>\n<li><span class=\"elementor-icon-list-text\">Gest\u00e3o de usu\u00e1rios administradores<\/span><i class=\"fas fa-check\" aria-hidden=\"true\"><\/i><\/li>\n<li><span class=\"elementor-icon-list-text\">Emiss\u00e3o de comprovante impresso<\/span><\/li>\n<\/ul>\n<p><strong><span style=\"color: #000000;\">Pagamentos<\/span><br \/>\n<\/strong>No Plano (sem custo fixo) voc\u00ea escolhe os 2 tipos ou exclusivamente Pagamento Online.<\/p>\n<ul>\n<li><strong>Pagamento Online: <\/strong>Cart\u00e3o de Cr\u00e9dito <em>(6,99% + R$0,40)<\/em> e PIX <em>(6,99%)<\/em><\/li>\n<li><strong>Pagamento na Entrega: <\/strong>Seu cliente pagar\u00e1 em dinheiro ou outros meios oferecidos por voc\u00ea.<\/li>\n<\/ul>\n<p>&nbsp;<\/p>\n<p><em>**Essa lista de funcionalidades sofre altera\u00e7\u00f5es constantes em raz\u00e3o das atualiza\u00e7\u00f5es do sistema, portanto serve meramente como fonte parcial de informa\u00e7\u00f5es.<\/em><\/p>\n","protected":false},"excerpt":{"rendered":"<div class=\"elementor-element elementor-element-aedafc9 elementor-widget elementor-widget-text-editor\" data-id=\"aedafc9\" data-element_type=\"widget\" data-widget_type=\"text-editor.default\">\n<div class=\"elementor-widget-container\">\n<div class=\"elementor-text-editor elementor-clearfix\">\n<div class=\"elementor-element elementor-element-aedafc9 elementor-widget elementor-widget-text-editor\" data-id=\"aedafc9\" data-element_type=\"widget\" data-widget_type=\"text-editor.default\">\n<div class=\"elementor-widget-container\">\n<div class=\"elementor-text-editor elementor-clearfix\">\n<p><strong>PRODUTOS DO PLANO<\/strong><br \/>\n<strong><span style=\"color: #000000;\">Goolivery SHOPS <\/span><\/strong>+ <strong><span style=\"color: #000000;\">FidelizaGOO <\/span><\/strong>+ <strong><span style=\"color: #000000;\">PaGoo <\/span><\/strong>(com pagamento online).<\/p>\n<p><strong>BENEF\u00cdCIOS<\/strong><\/p>\n<\/div>\n<\/div>\n<\/div>\n<ul>\n<li><span class=\"elementor-icon-list-text\"><strong><span style=\"color: #000000;\">Fidelize seus clientes <\/span><\/strong>com um delivery pr\u00f3prio.<\/span><i class=\"fas fa-check\" aria-hidden=\"true\"><\/i><i class=\"fas fa-check\" aria-hidden=\"true\"><\/i><\/li>\n<li><span class=\"elementor-icon-list-text\"><strong><span style=\"color: #000000;\">Aumento da margem<\/span> <\/strong>de lucro no delivery.<\/span><i class=\"fas fa-check\" aria-hidden=\"true\"><\/i><\/li>\n<li><span class=\"elementor-icon-list-text\"><strong><span style=\"color: #000000;\">Maior competitividade<\/span><\/strong> j\u00e1 que voc\u00ea n\u00e3o precisa repassar os custos dos famosos Apps de delivery para o cliente.<\/span><i class=\"fas fa-check\" aria-hidden=\"true\"><\/i><\/li>\n<\/ul>\n<p><strong>VANTAGENS<\/strong><\/p>\n<\/div>\n<\/div>\n<\/div>\n<ul>\n<li><span class=\"elementor-icon-list-text\">Produtos ilimitados.<\/span><i class=\"fas fa-check\" aria-hidden=\"true\"><\/i><i class=\"fas fa-check\" aria-hidden=\"true\"><\/i><\/li>\n<li><span class=\"elementor-icon-list-text\">Treinamento e Suporte permanentes.<\/span><i class=\"fas fa-check\" aria-hidden=\"true\"><\/i><\/li>\n<li><span class=\"elementor-icon-list-text\">N\u00f3s cadastramos os produtos iniciais.<\/span><i class=\"fas fa-check\" aria-hidden=\"true\"><\/i><\/li>\n<li><span class=\"elementor-icon-list-text\">Consultoria de Marketing para Clientes.<\/span><\/li>\n<\/ul>\n","protected":false},"featured_media":3921,"template":"","meta":[],"product_cat":[104],"product_tag":[],"_links":{"self":[{"href":"https:\/\/goolivery.com\/es\/wp-json\/wp\/v2\/product\/3217"}],"collection":[{"href":"https:\/\/goolivery.com\/es\/wp-json\/wp\/v2\/product"}],"about":[{"href":"https:\/\/goolivery.com\/es\/wp-json\/wp\/v2\/types\/product"}],"version-history":[{"count":14,"href":"https:\/\/goolivery.com\/es\/wp-json\/wp\/v2\/product\/3217\/revisions"}],"predecessor-version":[{"id":3219,"href":"https:\/\/goolivery.com\/es\/wp-json\/wp\/v2\/product\/3217\/revisions\/3219"}],"wp:featuredmedia":[{"embeddable":true,"href":"https:\/\/goolivery.com\/es\/wp-json\/wp\/v2\/media\/3921"}],"wp:attachment":[{"href":"https:\/\/goolivery.com\/es\/wp-json\/wp\/v2\/media?parent=3217"}],"wp:term":[{"taxonomy":"product_cat","embeddable":true,"href":"https:\/\/goolivery.com\/es\/wp-json\/wp\/v2\/product_cat?post=3217"},{"taxonomy":"product_tag","embeddable":true,"href":"https:\/\/goolivery.com\/es\/wp-json\/wp\/v2\/product_tag?post=3217"}],"curies":[{"name":"wp","href":"https:\/\/api.w.org\/{rel}","templated":true}]}}