{"id":583,"date":"2022-08-15T06:00:37","date_gmt":"2022-08-15T09:00:37","guid":{"rendered":"https:\/\/goolivery.com\/es\/?post_type=product&#038;p=583"},"modified":"2022-08-18T11:10:40","modified_gmt":"2022-08-18T14:10:40","slug":"cardapio-digital-multi-pagina","status":"publish","type":"product","link":"https:\/\/goolivery.com\/es\/produto\/cardapio-digital-multi-pagina\/","title":{"rendered":"Card\u00e1pio Digital &#8211; Multi P\u00e1gina"},"content":{"rendered":"<p>O que o Card\u00e1pio Digital Multi-P\u00e1gina Goolivery permite que voc\u00ea crie quantas p\u00e1ginas precisar para apresentar e organizar seu cat\u00e1logo ou card\u00e1pio digital, al\u00e9m disso:<\/p>\n<ul class=\"elementor-icon-list-items\">\n<li class=\"elementor-icon-list-item\"><span class=\"elementor-icon-list-text\">Pode ser acessado por smartphone ou tablet com leitor de QR code instalado e internet.<\/span><\/li>\n<li>Pode ser acessado por meio do link, assim voc\u00ea poder\u00e1 compartilhar seu card\u00e1pio no whatsapp, redes sociais ou at\u00e9 mesmo por e-mail.<\/li>\n<li class=\"elementor-icon-list-item\"><i class=\"fas fa-align-justify\" aria-hidden=\"true\"><\/i><span class=\"elementor-icon-list-text\">O Card\u00e1pio Digital pode ser alterado a qualquer momento e em tempo real (muito melhor que o impresso que gera novos gastos e esperas no prazo de edi\u00e7\u00e3o e entrega).<\/span><\/li>\n<li class=\"elementor-icon-list-item\"><i class=\"fas fa-photo-video\" aria-hidden=\"true\"><\/i><span class=\"elementor-icon-list-text\">Categorias e Produtos com fotos, descri\u00e7\u00e3o e pre\u00e7os edit\u00e1veis a qualquer momento.<\/span><\/li>\n<\/ul>\n","protected":false},"excerpt":{"rendered":"<p>O que o Card\u00e1pio Digital Multi-P\u00e1gina Goolivery permite que voc\u00ea crie quantas p\u00e1ginas precisar para apresentar e organizar seu cat\u00e1logo ou card\u00e1pio digital, al\u00e9m disso:<\/p>\n<ul class=\"elementor-icon-list-items\">\n<li class=\"elementor-icon-list-item\"><span class=\"elementor-icon-list-text\">Pode ser acessado por smartphone ou tablet com leitor de QR code instalado e internet.<\/span><\/li>\n<li>Pode ser acessado por meio do link, assim voc\u00ea poder\u00e1 compartilhar seu card\u00e1pio no whatsapp, redes sociais ou at\u00e9 mesmo por e-mail.<\/li>\n<li class=\"elementor-icon-list-item\"><i class=\"fas fa-align-justify\" aria-hidden=\"true\"><\/i><span class=\"elementor-icon-list-text\">O Card\u00e1pio Digital pode ser alterado a qualquer momento e em tempo real (muito melhor que o impresso que gera novos gastos e esperas no prazo de edi\u00e7\u00e3o e entrega).<\/span><\/li>\n<li class=\"elementor-icon-list-item\"><i class=\"fas fa-photo-video\" aria-hidden=\"true\"><\/i><span class=\"elementor-icon-list-text\">Categorias e Produtos com fotos, descri\u00e7\u00e3o e pre\u00e7os edit\u00e1veis a qualquer momento.<\/span><\/li>\n<\/ul>\n","protected":false},"featured_media":3269,"template":"","meta":[],"product_cat":[103],"product_tag":[],"_links":{"self":[{"href":"https:\/\/goolivery.com\/es\/wp-json\/wp\/v2\/product\/583"}],"collection":[{"href":"https:\/\/goolivery.com\/es\/wp-json\/wp\/v2\/product"}],"about":[{"href":"https:\/\/goolivery.com\/es\/wp-json\/wp\/v2\/types\/product"}],"version-history":[{"count":5,"href":"https:\/\/goolivery.com\/es\/wp-json\/wp\/v2\/product\/583\/revisions"}],"predecessor-version":[{"id":2331,"href":"https:\/\/goolivery.com\/es\/wp-json\/wp\/v2\/product\/583\/revisions\/2331"}],"wp:featuredmedia":[{"embeddable":true,"href":"https:\/\/goolivery.com\/es\/wp-json\/wp\/v2\/media\/3269"}],"wp:attachment":[{"href":"https:\/\/goolivery.com\/es\/wp-json\/wp\/v2\/media?parent=583"}],"wp:term":[{"taxonomy":"product_cat","embeddable":true,"href":"https:\/\/goolivery.com\/es\/wp-json\/wp\/v2\/product_cat?post=583"},{"taxonomy":"product_tag","embeddable":true,"href":"https:\/\/goolivery.com\/es\/wp-json\/wp\/v2\/product_tag?post=583"}],"curies":[{"name":"wp","href":"https:\/\/api.w.org\/{rel}","templated":true}]}}